{"id":4929,"date":"2024-03-19T21:17:34","date_gmt":"2024-03-19T20:17:34","guid":{"rendered":"https:\/\/uneviedesvoyages.com\/?page_id=4929"},"modified":"2024-05-22T18:29:25","modified_gmt":"2024-05-22T16:29:25","slug":"la-polynesie-francaise-8","status":"publish","type":"page","link":"https:\/\/uneviedesvoyages.com\/index.php\/la-polynesie-francaise-8\/","title":{"rendered":"TAHITI"},"content":{"rendered":"<div class=\"wp-block-image\">\n<figure class=\"aligncenter size-full is-resized\"><img data-recalc-dims=\"1\" loading=\"lazy\" decoding=\"async\" width=\"1200\" height=\"800\" src=\"https:\/\/i0.wp.com\/uneviedesvoyages.com\/wp-content\/uploads\/2023\/11\/Flag_of_French_Polynesia.svg-1.png?resize=1200%2C800&#038;ssl=1\" alt=\"\" class=\"wp-image-4428\" style=\"width:350px\" srcset=\"https:\/\/i0.wp.com\/uneviedesvoyages.com\/wp-content\/uploads\/2023\/11\/Flag_of_French_Polynesia.svg-1.png?w=1280&amp;ssl=1 1280w, https:\/\/i0.wp.com\/uneviedesvoyages.com\/wp-content\/uploads\/2023\/11\/Flag_of_French_Polynesia.svg-1.png?resize=300%2C200&amp;ssl=1 300w, https:\/\/i0.wp.com\/uneviedesvoyages.com\/wp-content\/uploads\/2023\/11\/Flag_of_French_Polynesia.svg-1.png?resize=1024%2C682&amp;ssl=1 1024w, https:\/\/i0.wp.com\/uneviedesvoyages.com\/wp-content\/uploads\/2023\/11\/Flag_of_French_Polynesia.svg-1.png?resize=768%2C512&amp;ssl=1 768w, https:\/\/i0.wp.com\/uneviedesvoyages.com\/wp-content\/uploads\/2023\/11\/Flag_of_French_Polynesia.svg-1.png?resize=930%2C620&amp;ssl=1 930w\" sizes=\"auto, (max-width: 1200px) 100vw, 1200px\" \/><\/figure>\n<\/div>\n\n\n<div style=\"height:2em\" aria-hidden=\"true\" class=\"wp-block-spacer\"><\/div>\n\n\n<div class=\"wp-block-image\">\n<figure class=\"aligncenter size-full\"><img data-recalc-dims=\"1\" loading=\"lazy\" decoding=\"async\" width=\"833\" height=\"83\" src=\"https:\/\/i0.wp.com\/uneviedesvoyages.com\/wp-content\/uploads\/2023\/11\/atn.png?resize=833%2C83&#038;ssl=1\" alt=\"\" class=\"wp-image-4538\" srcset=\"https:\/\/i0.wp.com\/uneviedesvoyages.com\/wp-content\/uploads\/2023\/11\/atn.png?w=833&amp;ssl=1 833w, https:\/\/i0.wp.com\/uneviedesvoyages.com\/wp-content\/uploads\/2023\/11\/atn.png?resize=300%2C30&amp;ssl=1 300w, https:\/\/i0.wp.com\/uneviedesvoyages.com\/wp-content\/uploads\/2023\/11\/atn.png?resize=768%2C77&amp;ssl=1 768w\" sizes=\"auto, (max-width: 833px) 100vw, 833px\" \/><\/figure>\n<\/div>\n\n\n<div style=\"height:2em\" aria-hidden=\"true\" class=\"wp-block-spacer\"><\/div>\n\n\n\n<p class=\"has-text-align-center has-medium-font-size\">Apr\u00e8s 3 ans de notre vie sur Tahiti, il serait impossible de faire un article unique \u00e0 l&rsquo;identique de nos autres voyages dans les \u00eeles Polyn\u00e9siennes.<\/p>\n\n\n\n<p class=\"has-text-align-center has-medium-font-size\">Nous avons donc opt\u00e9 pour des articles \u00e0 \u00ab\u00a0th\u00e8mes\u00a0\u00bb sur nos aventures sur l&rsquo;\u00eele.<\/p>\n\n\n\n<p><\/p>\n\n\n\n<div id=\"wp-block-themeisle-blocks-advanced-columns-3db37cdc\" class=\"wp-block-themeisle-blocks-advanced-columns has-1-columns has-desktop-equal-layout has-tablet-equal-layout has-mobile-equal-layout has-vertical-unset has-default-gap\"><div class=\"wp-block-themeisle-blocks-advanced-columns-overlay\"><\/div><div class=\"innerblocks-wrap\">\n<div id=\"wp-block-themeisle-blocks-advanced-column-dec56d4f\" class=\"wp-block-themeisle-blocks-advanced-column has-dark-bg\">\n<div id=\"wp-block-themeisle-blocks-advanced-columns-c623e8ff\" class=\"wp-block-themeisle-blocks-advanced-columns has-2-columns has-desktop-equal-layout has-tablet-equal-layout has-mobile-collapsedRows-layout has-vertical-unset has-default-gap\"><div class=\"wp-block-themeisle-blocks-advanced-columns-overlay\"><\/div><div class=\"innerblocks-wrap\">\n<div id=\"wp-block-themeisle-blocks-advanced-column-87efa23e\" class=\"wp-block-themeisle-blocks-advanced-column\">\n<figure class=\"wp-block-image size-large\"><a href=\"https:\/\/uneviedesvoyages.com\/index.php\/la-polynesie-francaise\/\"><img data-recalc-dims=\"1\" loading=\"lazy\" decoding=\"async\" width=\"1024\" height=\"768\" src=\"https:\/\/i0.wp.com\/uneviedesvoyages.com\/wp-content\/uploads\/2024\/03\/IMG_4245.jpeg?resize=1024%2C768&#038;ssl=1\" alt=\"\" class=\"wp-image-4935\" srcset=\"https:\/\/i0.wp.com\/uneviedesvoyages.com\/wp-content\/uploads\/2024\/03\/IMG_4245.jpeg?resize=1024%2C768&amp;ssl=1 1024w, https:\/\/i0.wp.com\/uneviedesvoyages.com\/wp-content\/uploads\/2024\/03\/IMG_4245.jpeg?resize=300%2C225&amp;ssl=1 300w, https:\/\/i0.wp.com\/uneviedesvoyages.com\/wp-content\/uploads\/2024\/03\/IMG_4245.jpeg?resize=768%2C576&amp;ssl=1 768w, https:\/\/i0.wp.com\/uneviedesvoyages.com\/wp-content\/uploads\/2024\/03\/IMG_4245.jpeg?resize=1536%2C1152&amp;ssl=1 1536w, https:\/\/i0.wp.com\/uneviedesvoyages.com\/wp-content\/uploads\/2024\/03\/IMG_4245.jpeg?w=2048&amp;ssl=1 2048w\" sizes=\"auto, (max-width: 1024px) 100vw, 1024px\" \/><\/a><\/figure>\n\n\n\n<h3 class=\"wp-block-heading has-text-align-center has-nv-site-bg-color has-text-color has-link-color wp-elements-f430658629c177cdf4ad2de5ea237e54\" id=\"bora-bora\"><a href=\"https:\/\/uneviedesvoyages.com\/index.php\/la-polynesie-francaise\/\" data-type=\"page\" data-id=\"4934\">Nos Randonn\u00e9es<\/a><\/h3>\n\n\n\n<p class=\"has-text-align-center\">2020 &#8211; 2023<\/p>\n\n\n\n<p class=\"has-text-align-center\"><\/p>\n<\/div>\n\n\n\n<div id=\"wp-block-themeisle-blocks-advanced-column-2009479f\" class=\"wp-block-themeisle-blocks-advanced-column\">\n<h3 class=\"wp-block-heading has-text-align-center has-nv-site-bg-color has-text-color has-link-color wp-elements-0bcfeada1639837897401da69e300fe8\" id=\"huahine\">en construction<\/h3>\n\n\n\n<p class=\"has-text-align-center\">2020-2023<\/p>\n\n\n\n<p class=\"has-text-align-center\"><\/p>\n<\/div>\n<\/div><\/div>\n\n\n\n<div id=\"wp-block-themeisle-blocks-advanced-columns-5cc40e70\" class=\"wp-block-themeisle-blocks-advanced-columns has-2-columns has-desktop-equal-layout has-tablet-equal-layout has-mobile-collapsedRows-layout has-vertical-unset has-default-gap\"><div class=\"wp-block-themeisle-blocks-advanced-columns-overlay\"><\/div><div class=\"innerblocks-wrap\">\n<div id=\"wp-block-themeisle-blocks-advanced-column-03e3dd1f\" class=\"wp-block-themeisle-blocks-advanced-column\">\n<h3 class=\"wp-block-heading has-text-align-center has-nv-site-bg-color has-text-color has-link-color wp-elements-50af4375afea9c7dd308162e1bbf11c5\" id=\"bora-bora\">En construction<\/h3>\n\n\n\n<p class=\"has-text-align-center\">22 mai 2021<\/p>\n\n\n\n<p class=\"has-text-align-center\"><\/p>\n<\/div>\n\n\n\n<div id=\"wp-block-themeisle-blocks-advanced-column-7c362258\" class=\"wp-block-themeisle-blocks-advanced-column has-dark-bg\"><\/div>\n<\/div><\/div>\n<\/div>\n<\/div><\/div>\n\n\n\n<div style=\"height:2em\" aria-hidden=\"true\" class=\"wp-block-spacer\"><\/div>\n\n\n<div class=\"wp-block-image\">\n<figure class=\"aligncenter size-full\"><img data-recalc-dims=\"1\" loading=\"lazy\" decoding=\"async\" width=\"826\" height=\"90\" src=\"https:\/\/i0.wp.com\/uneviedesvoyages.com\/wp-content\/uploads\/2023\/11\/ATN1.png?resize=826%2C90&#038;ssl=1\" alt=\"\" class=\"wp-image-4539\" srcset=\"https:\/\/i0.wp.com\/uneviedesvoyages.com\/wp-content\/uploads\/2023\/11\/ATN1.png?w=826&amp;ssl=1 826w, https:\/\/i0.wp.com\/uneviedesvoyages.com\/wp-content\/uploads\/2023\/11\/ATN1.png?resize=300%2C33&amp;ssl=1 300w, https:\/\/i0.wp.com\/uneviedesvoyages.com\/wp-content\/uploads\/2023\/11\/ATN1.png?resize=768%2C84&amp;ssl=1 768w\" sizes=\"auto, (max-width: 826px) 100vw, 826px\" \/><\/figure>\n<\/div>\n\n\n<div style=\"height:4em\" aria-hidden=\"true\" class=\"wp-block-spacer\"><\/div>\n","protected":false},"excerpt":{"rendered":"<p>Apr\u00e8s 3 ans de notre vie sur Tahiti, il serait impossible de faire un article unique \u00e0 l&rsquo;identique de nos autres voyages dans les \u00eeles Polyn\u00e9siennes. Nous avons donc opt\u00e9 pour des articles \u00e0 \u00ab\u00a0th\u00e8mes\u00a0\u00bb sur nos aventures sur l&rsquo;\u00eele.<\/p>\n","protected":false},"author":1,"featured_media":0,"parent":0,"menu_order":0,"comment_status":"closed","ping_status":"closed","template":"","meta":{"neve_meta_sidebar":"full-width","neve_meta_container":"","neve_meta_enable_content_width":"","neve_meta_content_width":0,"neve_meta_title_alignment":"center","neve_meta_author_avatar":"","neve_post_elements_order":"","neve_meta_disable_header":"","neve_meta_disable_footer":"","neve_meta_disable_title":"","_themeisle_gutenberg_block_has_review":false,"footnotes":""},"class_list":["post-4929","page","type-page","status-publish","hentry"],"jetpack_sharing_enabled":true,"_links":{"self":[{"href":"https:\/\/uneviedesvoyages.com\/index.php\/wp-json\/wp\/v2\/pages\/4929","targetHints":{"allow":["GET"]}}],"collection":[{"href":"https:\/\/uneviedesvoyages.com\/index.php\/wp-json\/wp\/v2\/pages"}],"about":[{"href":"https:\/\/uneviedesvoyages.com\/index.php\/wp-json\/wp\/v2\/types\/page"}],"author":[{"embeddable":true,"href":"https:\/\/uneviedesvoyages.com\/index.php\/wp-json\/wp\/v2\/users\/1"}],"replies":[{"embeddable":true,"href":"https:\/\/uneviedesvoyages.com\/index.php\/wp-json\/wp\/v2\/comments?post=4929"}],"version-history":[{"count":5,"href":"https:\/\/uneviedesvoyages.com\/index.php\/wp-json\/wp\/v2\/pages\/4929\/revisions"}],"predecessor-version":[{"id":5572,"href":"https:\/\/uneviedesvoyages.com\/index.php\/wp-json\/wp\/v2\/pages\/4929\/revisions\/5572"}],"wp:attachment":[{"href":"https:\/\/uneviedesvoyages.com\/index.php\/wp-json\/wp\/v2\/media?parent=4929"}],"curies":[{"name":"wp","href":"https:\/\/api.w.org\/{rel}","templated":true}]}}