{"id":4427,"date":"2023-11-01T17:50:19","date_gmt":"2023-11-01T16:50:19","guid":{"rendered":"https:\/\/uneviedesvoyages.com\/?page_id=4427"},"modified":"2024-05-22T18:27:14","modified_gmt":"2024-05-22T16:27:14","slug":"la-polynesie-francaise-7","status":"publish","type":"page","link":"https:\/\/uneviedesvoyages.com\/index.php\/la-polynesie-francaise-7\/","title":{"rendered":"\u00ceLES DU VENT"},"content":{"rendered":"<div class=\"wp-block-image\">\n<figure class=\"aligncenter size-full is-resized\"><img data-recalc-dims=\"1\" loading=\"lazy\" decoding=\"async\" width=\"1200\" height=\"800\" src=\"https:\/\/i0.wp.com\/uneviedesvoyages.com\/wp-content\/uploads\/2023\/11\/Flag_of_French_Polynesia.svg-1.png?resize=1200%2C800&#038;ssl=1\" alt=\"\" class=\"wp-image-4428\" style=\"width:350px\" srcset=\"https:\/\/i0.wp.com\/uneviedesvoyages.com\/wp-content\/uploads\/2023\/11\/Flag_of_French_Polynesia.svg-1.png?w=1280&amp;ssl=1 1280w, https:\/\/i0.wp.com\/uneviedesvoyages.com\/wp-content\/uploads\/2023\/11\/Flag_of_French_Polynesia.svg-1.png?resize=300%2C200&amp;ssl=1 300w, https:\/\/i0.wp.com\/uneviedesvoyages.com\/wp-content\/uploads\/2023\/11\/Flag_of_French_Polynesia.svg-1.png?resize=1024%2C682&amp;ssl=1 1024w, https:\/\/i0.wp.com\/uneviedesvoyages.com\/wp-content\/uploads\/2023\/11\/Flag_of_French_Polynesia.svg-1.png?resize=768%2C512&amp;ssl=1 768w, https:\/\/i0.wp.com\/uneviedesvoyages.com\/wp-content\/uploads\/2023\/11\/Flag_of_French_Polynesia.svg-1.png?resize=930%2C620&amp;ssl=1 930w\" sizes=\"auto, (max-width: 1200px) 100vw, 1200px\" \/><\/figure>\n<\/div>\n\n\n<div style=\"height:2em\" aria-hidden=\"true\" class=\"wp-block-spacer\"><\/div>\n\n\n<div class=\"wp-block-image\">\n<figure class=\"aligncenter size-full\"><img data-recalc-dims=\"1\" loading=\"lazy\" decoding=\"async\" width=\"833\" height=\"83\" src=\"https:\/\/i0.wp.com\/uneviedesvoyages.com\/wp-content\/uploads\/2023\/11\/atn.png?resize=833%2C83&#038;ssl=1\" alt=\"\" class=\"wp-image-4538\" srcset=\"https:\/\/i0.wp.com\/uneviedesvoyages.com\/wp-content\/uploads\/2023\/11\/atn.png?w=833&amp;ssl=1 833w, https:\/\/i0.wp.com\/uneviedesvoyages.com\/wp-content\/uploads\/2023\/11\/atn.png?resize=300%2C30&amp;ssl=1 300w, https:\/\/i0.wp.com\/uneviedesvoyages.com\/wp-content\/uploads\/2023\/11\/atn.png?resize=768%2C77&amp;ssl=1 768w\" sizes=\"auto, (max-width: 833px) 100vw, 833px\" \/><\/figure>\n<\/div>\n\n\n<div style=\"height:2em\" aria-hidden=\"true\" class=\"wp-block-spacer\"><\/div>\n\n\n\n<p class=\"has-text-align-center has-medium-font-size\">Nous avons v\u00e9cu sur Tahiti de 2020 \u00e0 2023 et comment dire&#8230; Trois ann\u00e9es totalement inoubliables, aussi bien pour la d\u00e9couverte de la Polyn\u00e9sie, de sa beaut\u00e9 et de sa culture, que par les rencontres que nous avons fait sur place. <\/p>\n\n\n\n<p>Autant vous dire que maintenant de retour en m\u00e9tropole, le mal du pays est clairement pr\u00e9sent et la nostalgie revient \u00e0 chaque pens\u00e9e pour cette belle Polyn\u00e9sie.<\/p>\n\n\n\n<p>Nous avons donc beaucoup vadrouiller sur Tahiti  mais aussi sur Moorea, le petit paradis \u00e0 seulement 40min de Ferry. (nous ferons des articles quand nous trouverons le temps).<\/p>\n\n\n\n<p class=\"has-text-align-center has-medium-font-size\">Et que dire de Tetiaroa, l&rsquo;atoll priv\u00e9 avec son hotel \u00ab\u00a0Le BRANDO\u00a0\u00bb. Une ile qui ressemble plus au Tuamotu qu&rsquo;aux iles de la soci\u00e9t\u00e9 mais une super d\u00e9couverte en catamaran entre pote ou en famille et \u00e0 \u00ab\u00a0seulement\u00a0\u00bb 4h30 de navigation. <\/p>\n\n\n\n<div id=\"wp-block-themeisle-blocks-advanced-columns-3db37cdc\" class=\"wp-block-themeisle-blocks-advanced-columns has-1-columns has-desktop-equal-layout has-tablet-equal-layout has-mobile-equal-layout has-vertical-unset has-default-gap\"><div class=\"wp-block-themeisle-blocks-advanced-columns-overlay\"><\/div><div class=\"innerblocks-wrap\">\n<div id=\"wp-block-themeisle-blocks-advanced-column-dec56d4f\" class=\"wp-block-themeisle-blocks-advanced-column has-dark-bg\">\n<div id=\"wp-block-themeisle-blocks-advanced-columns-c623e8ff\" class=\"wp-block-themeisle-blocks-advanced-columns has-2-columns has-desktop-equal-layout has-tablet-equal-layout has-mobile-collapsedRows-layout has-vertical-unset has-default-gap\"><div class=\"wp-block-themeisle-blocks-advanced-columns-overlay\"><\/div><div class=\"innerblocks-wrap\">\n<div id=\"wp-block-themeisle-blocks-advanced-column-87efa23e\" class=\"wp-block-themeisle-blocks-advanced-column\"><div class=\"wp-block-image\">\n<figure class=\"aligncenter size-full\"><a href=\"https:\/\/uneviedesvoyages.com\/index.php\/la-polynesie-francaise-8\/\"><img data-recalc-dims=\"1\" loading=\"lazy\" decoding=\"async\" width=\"860\" height=\"711\" src=\"https:\/\/i0.wp.com\/uneviedesvoyages.com\/wp-content\/uploads\/2023\/11\/tahiti-1.png?resize=860%2C711&#038;ssl=1\" alt=\"\" class=\"wp-image-4431\" srcset=\"https:\/\/i0.wp.com\/uneviedesvoyages.com\/wp-content\/uploads\/2023\/11\/tahiti-1.png?w=860&amp;ssl=1 860w, https:\/\/i0.wp.com\/uneviedesvoyages.com\/wp-content\/uploads\/2023\/11\/tahiti-1.png?resize=300%2C248&amp;ssl=1 300w, https:\/\/i0.wp.com\/uneviedesvoyages.com\/wp-content\/uploads\/2023\/11\/tahiti-1.png?resize=768%2C635&amp;ssl=1 768w\" sizes=\"auto, (max-width: 860px) 100vw, 860px\" \/><\/a><\/figure>\n<\/div>\n\n\n<h3 class=\"wp-block-heading has-text-align-center has-nv-site-bg-color has-text-color has-link-color wp-elements-0a5d105ae0b2581d85789c56d946ae35\" id=\"bora-bora\"><a href=\"https:\/\/uneviedesvoyages.com\/index.php\/la-polynesie-francaise-8\/\" data-type=\"page\" data-id=\"4929\">TAHITI<\/a><\/h3>\n\n\n\n<p class=\"has-text-align-center\">2020 &#8211; 2023<\/p>\n\n\n\n<p class=\"has-text-align-center\"><\/p>\n<\/div>\n\n\n\n<div id=\"wp-block-themeisle-blocks-advanced-column-2009479f\" class=\"wp-block-themeisle-blocks-advanced-column\"><div class=\"wp-block-image\">\n<figure class=\"aligncenter size-full\"><a href=\"https:\/\/uneviedesvoyages.com\/index.php\/la-polynesie-francaise-8-2\/\"><img data-recalc-dims=\"1\" loading=\"lazy\" decoding=\"async\" width=\"951\" height=\"797\" src=\"https:\/\/i0.wp.com\/uneviedesvoyages.com\/wp-content\/uploads\/2023\/11\/moorea.png?resize=951%2C797&#038;ssl=1\" alt=\"\" class=\"wp-image-4430\" srcset=\"https:\/\/i0.wp.com\/uneviedesvoyages.com\/wp-content\/uploads\/2023\/11\/moorea.png?w=951&amp;ssl=1 951w, https:\/\/i0.wp.com\/uneviedesvoyages.com\/wp-content\/uploads\/2023\/11\/moorea.png?resize=300%2C251&amp;ssl=1 300w, https:\/\/i0.wp.com\/uneviedesvoyages.com\/wp-content\/uploads\/2023\/11\/moorea.png?resize=768%2C644&amp;ssl=1 768w\" sizes=\"auto, (max-width: 951px) 100vw, 951px\" \/><\/a><\/figure>\n<\/div>\n\n\n<h3 class=\"wp-block-heading has-text-align-center has-nv-site-bg-color has-text-color has-link-color wp-elements-0bc6df1c3ee6c2969c48a77a6146593f\" id=\"huahine\"><a href=\"https:\/\/uneviedesvoyages.com\/index.php\/la-polynesie-francaise-8-2\/\" data-type=\"page\" data-id=\"5567\">MOOREA<\/a><\/h3>\n\n\n\n<p class=\"has-text-align-center\">2020-2023<\/p>\n\n\n\n<p class=\"has-text-align-center\"><\/p>\n<\/div>\n<\/div><\/div>\n\n\n\n<div id=\"wp-block-themeisle-blocks-advanced-columns-5cc40e70\" class=\"wp-block-themeisle-blocks-advanced-columns has-2-columns has-desktop-equal-layout has-tablet-equal-layout has-mobile-collapsedRows-layout has-vertical-unset has-default-gap\"><div class=\"wp-block-themeisle-blocks-advanced-columns-overlay\"><\/div><div class=\"innerblocks-wrap\">\n<div id=\"wp-block-themeisle-blocks-advanced-column-03e3dd1f\" class=\"wp-block-themeisle-blocks-advanced-column\"><div class=\"wp-block-image\">\n<figure class=\"aligncenter size-full\"><a href=\"https:\/\/uneviedesvoyages.com\/index.php\/2021\/05\/22\/hello-world-4-2-4-2\/\"><img data-recalc-dims=\"1\" loading=\"lazy\" decoding=\"async\" width=\"658\" height=\"678\" src=\"https:\/\/i0.wp.com\/uneviedesvoyages.com\/wp-content\/uploads\/2021\/11\/tetia.jpg?resize=658%2C678&#038;ssl=1\" alt=\"\" class=\"wp-image-2272\" srcset=\"https:\/\/i0.wp.com\/uneviedesvoyages.com\/wp-content\/uploads\/2021\/11\/tetia.jpg?w=658&amp;ssl=1 658w, https:\/\/i0.wp.com\/uneviedesvoyages.com\/wp-content\/uploads\/2021\/11\/tetia.jpg?resize=291%2C300&amp;ssl=1 291w\" sizes=\"auto, (max-width: 658px) 100vw, 658px\" \/><\/a><\/figure>\n<\/div>\n\n\n<h3 class=\"wp-block-heading has-text-align-center has-nv-site-bg-color has-text-color has-link-color wp-elements-d07e8ea71fbd532d641c87524ba8b923\" id=\"bora-bora\"><a href=\"https:\/\/uneviedesvoyages.com\/index.php\/2021\/05\/22\/hello-world-4-2-4-2\/\" data-type=\"post\" data-id=\"2164\">TETIAROA<\/a><\/h3>\n\n\n\n<p class=\"has-text-align-center\">22 mai 2021<\/p>\n\n\n\n<p class=\"has-text-align-center\">Elle est l&rsquo;unique \u00eele basse des \u00eeles du Vent, rattach\u00e9 \u00e0 la commune d&rsquo;Arue au nord de Tahiti. &nbsp;Elle est c\u00e9l\u00e8bre pour avoir \u00e9t\u00e9 la propri\u00e9t\u00e9 de Marlon Brando. Une partie de l\u2019atoll est toujours priv\u00e9e, avec l\u2019h\u00f4tel \u00ab&nbsp;Marlon Brando&nbsp;\u00bb et son a\u00e9rodrome.. <\/p>\n<\/div>\n\n\n\n<div id=\"wp-block-themeisle-blocks-advanced-column-7c362258\" class=\"wp-block-themeisle-blocks-advanced-column has-dark-bg\"><\/div>\n<\/div><\/div>\n<\/div>\n<\/div><\/div>\n\n\n\n<div style=\"height:39px\" aria-hidden=\"true\" class=\"wp-block-spacer\"><\/div>\n\n\n\n<p class=\"has-text-align-center has-medium-font-size\">Les iles du vent. <\/p>\n\n\n<div style=\"height:750pxpx;\" class=\"wp-block-themeisle-blocks-leaflet-map\" id=\"wp-block-themeisle-blocks-leaflet-map-88bd2dc8\"><\/div>\n<script type=\"text\/javascript\">\n\t\/* <![CDATA[ *\/\n\t\tif ( ! window.themeisleLeafletMaps ) window.themeisleLeafletMaps =[];\n\t\twindow.themeisleLeafletMaps.push( { container: \"wp-block-themeisle-blocks-leaflet-map-88bd2dc8\", attributes: {\"id\":\"wp-block-themeisle-blocks-leaflet-map-88bd2dc8\",\"location\":\"Tahiti\",\"latitude\":\"-17.581194026506008\",\"longitude\":\"-149.42504882812503\",\"bbox\":\"-151.03179931640625,-18.560343733351242,-147.81829833984378,-16.59671358730417\",\"zoom\":9,\"height\":\"750px\",\"markers\":[{\"id\":\"5997fb57-a5b4-41d4-a827-4b034967a8cc\",\"latitude\":-17.68734395,\"longitude\":-149.44516811423745,\"title\":\"Tahiti\",\"description\":\"\",\"location\":\"Tahiti\"},{\"id\":\"b33a2ba9-213a-4e71-9d21-d3eb961ecde9\",\"latitude\":-17.533306000000003,\"longitude\":-149.83860061183017,\"title\":\"Moorea\",\"description\":\"\",\"location\":\"Moorea\"},{\"id\":\"9e295ae1-2710-4b0d-a06e-8d5506621b66\",\"latitude\":-17.016928200000002,\"longitude\":-149.5596577437255,\"title\":\"Tetiaroa\",\"description\":\"<p><a href=\\\"https:\\\/\\\/uneviedesvoyages.com\\\/index.php\\\/2021\\\/05\\\/22\\\/hello-world-4-2-4-2\\\/\\\">TETIAROA<\\\/a><\\\/p>\",\"location\":\"Tetiaroa\"}],\"zoomControl\":true,\"draggable\":true,\"hasCustomCSS\":false,\"customCSS\":\"\",\"otterConditions\":[]} } );\n\t\/* ]]> *\/\n<\/script>\n\n\n\n<div style=\"height:2em\" aria-hidden=\"true\" class=\"wp-block-spacer\"><\/div>\n\n\n<div class=\"wp-block-image\">\n<figure class=\"aligncenter size-full\"><img data-recalc-dims=\"1\" loading=\"lazy\" decoding=\"async\" width=\"826\" height=\"90\" src=\"https:\/\/i0.wp.com\/uneviedesvoyages.com\/wp-content\/uploads\/2023\/11\/ATN1.png?resize=826%2C90&#038;ssl=1\" alt=\"\" class=\"wp-image-4539\" srcset=\"https:\/\/i0.wp.com\/uneviedesvoyages.com\/wp-content\/uploads\/2023\/11\/ATN1.png?w=826&amp;ssl=1 826w, https:\/\/i0.wp.com\/uneviedesvoyages.com\/wp-content\/uploads\/2023\/11\/ATN1.png?resize=300%2C33&amp;ssl=1 300w, https:\/\/i0.wp.com\/uneviedesvoyages.com\/wp-content\/uploads\/2023\/11\/ATN1.png?resize=768%2C84&amp;ssl=1 768w\" sizes=\"auto, (max-width: 826px) 100vw, 826px\" \/><\/figure>\n<\/div>\n\n\n<div style=\"height:4em\" aria-hidden=\"true\" class=\"wp-block-spacer\"><\/div>\n","protected":false},"excerpt":{"rendered":"<p>Nous avons v\u00e9cu sur Tahiti de 2020 \u00e0 2023 et comment dire&#8230; Trois ann\u00e9es totalement inoubliables, aussi bien pour la d\u00e9couverte de la Polyn\u00e9sie, de sa beaut\u00e9 et de sa culture, que par les rencontres que nous avons fait sur place. Autant vous dire que maintenant de retour en m\u00e9tropole, le mal du pays est&hellip;&nbsp;<a href=\"https:\/\/uneviedesvoyages.com\/index.php\/la-polynesie-francaise-7\/\" rel=\"bookmark\">Lire la suite &raquo;<span class=\"screen-reader-text\">\u00ceLES DU VENT<\/span><\/a><\/p>\n","protected":false},"author":1,"featured_media":0,"parent":0,"menu_order":0,"comment_status":"closed","ping_status":"closed","template":"","meta":{"neve_meta_sidebar":"full-width","neve_meta_container":"","neve_meta_enable_content_width":"on","neve_meta_content_width":100,"neve_meta_title_alignment":"center","neve_meta_author_avatar":"","neve_post_elements_order":"","neve_meta_disable_header":"","neve_meta_disable_footer":"","neve_meta_disable_title":"","_themeisle_gutenberg_block_has_review":false,"footnotes":""},"class_list":["post-4427","page","type-page","status-publish","hentry"],"jetpack_sharing_enabled":true,"_links":{"self":[{"href":"https:\/\/uneviedesvoyages.com\/index.php\/wp-json\/wp\/v2\/pages\/4427","targetHints":{"allow":["GET"]}}],"collection":[{"href":"https:\/\/uneviedesvoyages.com\/index.php\/wp-json\/wp\/v2\/pages"}],"about":[{"href":"https:\/\/uneviedesvoyages.com\/index.php\/wp-json\/wp\/v2\/types\/page"}],"author":[{"embeddable":true,"href":"https:\/\/uneviedesvoyages.com\/index.php\/wp-json\/wp\/v2\/users\/1"}],"replies":[{"embeddable":true,"href":"https:\/\/uneviedesvoyages.com\/index.php\/wp-json\/wp\/v2\/comments?post=4427"}],"version-history":[{"count":13,"href":"https:\/\/uneviedesvoyages.com\/index.php\/wp-json\/wp\/v2\/pages\/4427\/revisions"}],"predecessor-version":[{"id":5571,"href":"https:\/\/uneviedesvoyages.com\/index.php\/wp-json\/wp\/v2\/pages\/4427\/revisions\/5571"}],"wp:attachment":[{"href":"https:\/\/uneviedesvoyages.com\/index.php\/wp-json\/wp\/v2\/media?parent=4427"}],"curies":[{"name":"wp","href":"https:\/\/api.w.org\/{rel}","templated":true}]}}